{"id":333,"date":"2021-07-01T15:27:35","date_gmt":"2021-07-01T20:27:35","guid":{"rendered":"https:\/\/fundacionaccioninterna.org\/tienda\/?post_type=product&#038;p=333"},"modified":"2025-02-17T10:37:21","modified_gmt":"2025-02-17T15:37:21","slug":"bono-regalo","status":"publish","type":"product","link":"https:\/\/fundacionaccioninterna.org\/tienda\/bonos\/bono-regalo\/","title":{"rendered":"Bono regalo"},"content":{"rendered":"<p>Este BONO REGALO es redimible parcial o totalmente por el valor habilitado en la tienda Segundas Oportunidades. No es negociable por dinero en efectivo. Si la compra es de un valor mayor, el excedente debe ser cubierto por cualquier medio de pago.<\/p>\n<p>De los valores utilizables mediante esta tarjeta, s\u00f3lo ser\u00e1 responsable la tienda Segundas Oportunidades; dichos valores no generan intereses ni son reembolsables en efectivo; s\u00f3lo ser\u00e1n redimibles en bienes o servicios suministrados por la tienda Segundas Oportunidades. La Fundaci\u00f3n Acci\u00f3n Interna no se hace responsable del hurto o p\u00e9rdida de este BONO REGALO. Vigencia de 12 meses a partir de su fecha de habilitaci\u00f3n.<\/p>\n","protected":false},"excerpt":{"rendered":"<p>Este BONO REGALO es redimible parcial o totalmente por el valor habilitado en la tienda Segundas Oportunidades. No es negociable por dinero en efectivo. Si la compra es de un valor mayor, el excedente debe ser cubierto por cualquier medio de pago. De los valores utilizables mediante esta tarjeta, s\u00f3lo ser\u00e1 responsable la tienda Segundas [&hellip;]<\/p>\n","protected":false},"featured_media":653,"template":"","meta":{"inline_featured_image":false,"ghostkit_customizer_options":"","ghostkit_custom_css":"","ghostkit_custom_js_head":"","ghostkit_custom_js_foot":"","ghostkit_typography":"","ocean_post_layout":"","ocean_both_sidebars_style":"","ocean_both_sidebars_content_width":0,"ocean_both_sidebars_sidebars_width":0,"ocean_sidebar":"0","ocean_second_sidebar":"0","ocean_disable_margins":"enable","ocean_add_body_class":"","ocean_shortcode_before_top_bar":"","ocean_shortcode_after_top_bar":"","ocean_shortcode_before_header":"","ocean_shortcode_after_header":"","ocean_has_shortcode":"","ocean_shortcode_after_title":"","ocean_shortcode_before_footer_widgets":"","ocean_shortcode_after_footer_widgets":"","ocean_shortcode_before_footer_bottom":"","ocean_shortcode_after_footer_bottom":"","ocean_display_top_bar":"default","ocean_display_header":"default","ocean_header_style":"","ocean_center_header_left_menu":"0","ocean_custom_header_template":"0","ocean_custom_logo":0,"ocean_custom_retina_logo":0,"ocean_custom_logo_max_width":0,"ocean_custom_logo_tablet_max_width":0,"ocean_custom_logo_mobile_max_width":0,"ocean_custom_logo_max_height":0,"ocean_custom_logo_tablet_max_height":0,"ocean_custom_logo_mobile_max_height":0,"ocean_header_custom_menu":"0","ocean_menu_typo_font_family":"0","ocean_menu_typo_font_subset":"","ocean_menu_typo_font_size":0,"ocean_menu_typo_font_size_tablet":0,"ocean_menu_typo_font_size_mobile":0,"ocean_menu_typo_font_size_unit":"px","ocean_menu_typo_font_weight":"","ocean_menu_typo_font_weight_tablet":"","ocean_menu_typo_font_weight_mobile":"","ocean_menu_typo_transform":"","ocean_menu_typo_transform_tablet":"","ocean_menu_typo_transform_mobile":"","ocean_menu_typo_line_height":0,"ocean_menu_typo_line_height_tablet":0,"ocean_menu_typo_line_height_mobile":0,"ocean_menu_typo_line_height_unit":"","ocean_menu_typo_spacing":0,"ocean_menu_typo_spacing_tablet":0,"ocean_menu_typo_spacing_mobile":0,"ocean_menu_typo_spacing_unit":"","ocean_menu_link_color":"","ocean_menu_link_color_hover":"","ocean_menu_link_color_active":"","ocean_menu_link_background":"","ocean_menu_link_hover_background":"","ocean_menu_link_active_background":"","ocean_menu_social_links_bg":"","ocean_menu_social_hover_links_bg":"","ocean_menu_social_links_color":"","ocean_menu_social_hover_links_color":"","ocean_disable_title":"default","ocean_disable_heading":"default","ocean_post_title":"","ocean_post_subheading":"","ocean_post_title_style":"","ocean_post_title_background_color":"","ocean_post_title_background":0,"ocean_post_title_bg_image_position":"","ocean_post_title_bg_image_attachment":"","ocean_post_title_bg_image_repeat":"","ocean_post_title_bg_image_size":"","ocean_post_title_height":0,"ocean_post_title_bg_overlay":0.5,"ocean_post_title_bg_overlay_color":"","ocean_disable_breadcrumbs":"default","ocean_breadcrumbs_color":"","ocean_breadcrumbs_separator_color":"","ocean_breadcrumbs_links_color":"","ocean_breadcrumbs_links_hover_color":"","ocean_display_footer_widgets":"default","ocean_display_footer_bottom":"default","ocean_custom_footer_template":"0"},"product_brand":[],"product_cat":[64],"product_tag":[],"giftcard-category":[],"class_list":{"0":"post-333","1":"product","2":"type-product","3":"status-publish","4":"has-post-thumbnail","6":"product_cat-bonos","8":"entry","9":"has-media","11":"first","12":"instock","13":"virtual","14":"taxable","15":"purchasable","16":"product-type-gift-card","17":"has-product-nav","18":"col","19":"span_1_of_4","20":"owp-content-center","21":"item-entry","22":"owp-thumbs-layout-horizontal","23":"owp-btn-big","24":"owp-tabs-layout-horizontal","25":"has-no-thumbnails"},"_links":{"self":[{"href":"https:\/\/fundacionaccioninterna.org\/tienda\/wp-json\/wp\/v2\/product\/333","targetHints":{"allow":["GET"]}}],"collection":[{"href":"https:\/\/fundacionaccioninterna.org\/tienda\/wp-json\/wp\/v2\/product"}],"about":[{"href":"https:\/\/fundacionaccioninterna.org\/tienda\/wp-json\/wp\/v2\/types\/product"}],"wp:featuredmedia":[{"embeddable":true,"href":"https:\/\/fundacionaccioninterna.org\/tienda\/wp-json\/wp\/v2\/media\/653"}],"wp:attachment":[{"href":"https:\/\/fundacionaccioninterna.org\/tienda\/wp-json\/wp\/v2\/media?parent=333"}],"wp:term":[{"taxonomy":"product_brand","embeddable":true,"href":"https:\/\/fundacionaccioninterna.org\/tienda\/wp-json\/wp\/v2\/product_brand?post=333"},{"taxonomy":"product_cat","embeddable":true,"href":"https:\/\/fundacionaccioninterna.org\/tienda\/wp-json\/wp\/v2\/product_cat?post=333"},{"taxonomy":"product_tag","embeddable":true,"href":"https:\/\/fundacionaccioninterna.org\/tienda\/wp-json\/wp\/v2\/product_tag?post=333"},{"taxonomy":"giftcard-category","embeddable":true,"href":"https:\/\/fundacionaccioninterna.org\/tienda\/wp-json\/wp\/v2\/giftcard-category?post=333"}],"curies":[{"name":"wp","href":"https:\/\/api.w.org\/{rel}","templated":true}]}}